{"id":65,"date":"2021-05-24T22:12:24","date_gmt":"2021-05-24T20:12:24","guid":{"rendered":"https:\/\/the-flying-dutchman.de\/?page_id=65"},"modified":"2021-12-12T19:16:34","modified_gmt":"2021-12-12T17:16:34","slug":"reisen","status":"publish","type":"page","link":"https:\/\/the-flying-dutchman.de\/index.php\/reisen\/","title":{"rendered":"Reisen"},"content":{"rendered":"\n<p>Hier erhaltet ihr Informationen \u00fcber meine Reisen.<\/p>\n\n\n<div class=\"wp-block-kadence-posts kb-posts kb-posts-id-_1648eb-ee content-wrap grid-cols kb-posts-style-boxed grid-sm-col-1 grid-lg-col-1 item-image-style-beside\"><article class=\"entry content-bg loop-entry post-139 post type-post status-publish format-standard has-post-thumbnail hentry category-wanderungen tag-hermannshoehen tag-hermannsweg tag-outdoor tag-wandern tag-wanderung\">\n\t\t\t<a class=\"post-thumbnail kadence-thumbnail-ratio-2-3\" href=\"https:\/\/the-flying-dutchman.de\/index.php\/2022\/01\/09\/hermannsweg-etappe-5-bielefeld-detmold-abbruch-u-fazit\/\">\n\t\t\t<div class=\"post-thumbnail-inner\">\n\t\t\t\t<img width=\"768\" height=\"1024\" src=\"https:\/\/the-flying-dutchman.de\/wp-content\/uploads\/2021\/12\/IMG_0595-768x1024.jpeg\" class=\"attachment-medium_large size-medium_large wp-post-image\" alt=\"Hermannsdenkmal\" loading=\"lazy\" srcset=\"https:\/\/the-flying-dutchman.de\/wp-content\/uploads\/2021\/12\/IMG_0595-768x1024.jpeg 768w, https:\/\/the-flying-dutchman.de\/wp-content\/uploads\/2021\/12\/IMG_0595-225x300.jpeg 225w, https:\/\/the-flying-dutchman.de\/wp-content\/uploads\/2021\/12\/IMG_0595-1152x1536.jpeg 1152w, https:\/\/the-flying-dutchman.de\/wp-content\/uploads\/2021\/12\/IMG_0595-1536x2048.jpeg 1536w, https:\/\/the-flying-dutchman.de\/wp-content\/uploads\/2021\/12\/IMG_0595-scaled.jpeg 1920w\" sizes=\"(max-width: 768px) 100vw, 768px\" \/>\t\t\t<\/div>\n\t\t<\/a><!-- .post-thumbnail -->\n\t\t\t<div class=\"entry-content-wrap\">\n\t\t<header class=\"entry-header\">\n\t\t<div class=\"entry-taxonomies\">\n\t\t<span class=\"category-links term-links category-style-normal\">\n\t\t\t<a href=\"https:\/\/the-flying-dutchman.de\/index.php\/category\/wanderungen\/\" rel=\"category tag\">Wanderungen<\/a>\t\t<\/span>\n\t<\/div><!-- .entry-taxonomies -->\n\t<h2 class=\"entry-title\"><a href=\"https:\/\/the-flying-dutchman.de\/index.php\/2022\/01\/09\/hermannsweg-etappe-5-bielefeld-detmold-abbruch-u-fazit\/\" rel=\"bookmark\">Hermannsweg Etappe 5 &#8211; Bielefeld &#8211; Detmold &#8211; Abbruch u. Fazit<\/a><\/h2>\t<div class=\"entry-meta entry-meta-divider-dot\">\n\t<span class=\"posted-by\"><span class=\"meta-label\">By<\/span><span class=\"author vcard\"><span class=\"fn n\">fl_dutch<\/span><\/span><\/span>\t\t\t<span class=\"posted-on\">\n\t\t\t\t<time class=\"entry-date published\" datetime=\"2022-01-09T10:05:00+02:00\">9. Januar 2022<\/time><time class=\"updated\" datetime=\"2021-12-31T20:29:17+02:00\">31. Dezember 2021<\/time>\t\t\t<\/span>\n\t\t\t\t<\/div><!-- .entry-meta -->\n\t<\/header><!-- .entry-header -->\n\t<div class=\"entry-summary\">\n\t\t<p>Mitte September war ich per Pedes f\u00fcr eine 5 t\u00e4gige Wanderung auf dem Hermannsweg unterwegs. Der Wanderweg f\u00fchrt die l\u00e4ngste Zeit \u00fcber den R\u00fccken des Teutoburger Waldes. Er startet in Rheine und endet nach 157 km in Leopoldstal. Meine Hermannsweg &hellip; <a href=\"https:\/\/the-flying-dutchman.de\/index.php\/2022\/01\/09\/hermannsweg-etappe-5-bielefeld-detmold-abbruch-u-fazit\/\">Weiter<\/a><\/p>\n\t<\/div><!-- .entry-summary -->\n\t<footer class=\"entry-footer\">\n\t\t\t<div class=\"entry-actions\">\n\t\t\t<p class=\"more-link-wrap\">\n\t\t\t\t<a href=\"https:\/\/the-flying-dutchman.de\/index.php\/2022\/01\/09\/hermannsweg-etappe-5-bielefeld-detmold-abbruch-u-fazit\/\" class=\"post-more-link\">\n\t\t\t\t\tRead More<span class=\"screen-reader-text\"> Hermannsweg Etappe 5 &#8211; Bielefeld &#8211; Detmold &#8211; Abbruch u. Fazit<\/span><span class=\"kadence-svg-iconset svg-baseline\"><svg aria-hidden=\"true\" class=\"kadence-svg-icon kadence-arrow-right-alt-svg\" fill=\"currentColor\" version=\"1.1\" xmlns=\"http:\/\/www.w3.org\/2000\/svg\" width=\"27\" height=\"28\" viewBox=\"0 0 27 28\"><title>Continue<\/title><path d=\"M27 13.953c0 0.141-0.063 0.281-0.156 0.375l-6 5.531c-0.156 0.141-0.359 0.172-0.547 0.094-0.172-0.078-0.297-0.25-0.297-0.453v-3.5h-19.5c-0.281 0-0.5-0.219-0.5-0.5v-3c0-0.281 0.219-0.5 0.5-0.5h19.5v-3.5c0-0.203 0.109-0.375 0.297-0.453s0.391-0.047 0.547 0.078l6 5.469c0.094 0.094 0.156 0.219 0.156 0.359v0z\"><\/path>\n\t\t\t<\/svg><\/span>\t\t\t\t<\/a>\n\t\t\t<\/p>\n\t\t<\/div><!-- .entry-actions -->\n\t\t<\/footer><!-- .entry-footer -->\t<\/div>\n<\/article>\n<article class=\"entry content-bg loop-entry post-134 post type-post status-publish format-standard has-post-thumbnail hentry category-wanderungen tag-hermannshoehen tag-hermannsweg tag-outdoor tag-wandern tag-wanderung\">\n\t\t\t<a class=\"post-thumbnail kadence-thumbnail-ratio-2-3\" href=\"https:\/\/the-flying-dutchman.de\/index.php\/2022\/01\/02\/hermannsweg-etappe-4-grosse-egge-bielefeld\/\">\n\t\t\t<div class=\"post-thumbnail-inner\">\n\t\t\t\t<img width=\"768\" height=\"1365\" src=\"https:\/\/the-flying-dutchman.de\/wp-content\/uploads\/2021\/12\/bielefeld-e1640974698911-768x1365.jpg\" class=\"attachment-medium_large size-medium_large wp-post-image\" alt=\"Bielefeld\" loading=\"lazy\" srcset=\"https:\/\/the-flying-dutchman.de\/wp-content\/uploads\/2021\/12\/bielefeld-e1640974698911-768x1365.jpg 768w, https:\/\/the-flying-dutchman.de\/wp-content\/uploads\/2021\/12\/bielefeld-e1640974698911-169x300.jpg 169w, https:\/\/the-flying-dutchman.de\/wp-content\/uploads\/2021\/12\/bielefeld-e1640974698911-576x1024.jpg 576w, https:\/\/the-flying-dutchman.de\/wp-content\/uploads\/2021\/12\/bielefeld-e1640974698911-864x1536.jpg 864w, https:\/\/the-flying-dutchman.de\/wp-content\/uploads\/2021\/12\/bielefeld-e1640974698911.jpg 1080w\" sizes=\"(max-width: 768px) 100vw, 768px\" \/>\t\t\t<\/div>\n\t\t<\/a><!-- .post-thumbnail -->\n\t\t\t<div class=\"entry-content-wrap\">\n\t\t<header class=\"entry-header\">\n\t\t<div class=\"entry-taxonomies\">\n\t\t<span class=\"category-links term-links category-style-normal\">\n\t\t\t<a href=\"https:\/\/the-flying-dutchman.de\/index.php\/category\/wanderungen\/\" rel=\"category tag\">Wanderungen<\/a>\t\t<\/span>\n\t<\/div><!-- .entry-taxonomies -->\n\t<h2 class=\"entry-title\"><a href=\"https:\/\/the-flying-dutchman.de\/index.php\/2022\/01\/02\/hermannsweg-etappe-4-grosse-egge-bielefeld\/\" rel=\"bookmark\">Hermannsweg Etappe 4 &#8211; Gro\u00dfe Egge &#8211; Bielefeld<\/a><\/h2>\t<div class=\"entry-meta entry-meta-divider-dot\">\n\t<span class=\"posted-by\"><span class=\"meta-label\">By<\/span><span class=\"author vcard\"><span class=\"fn n\">fl_dutch<\/span><\/span><\/span>\t\t\t<span class=\"posted-on\">\n\t\t\t\t<time class=\"entry-date published\" datetime=\"2022-01-02T10:05:00+02:00\">2. Januar 2022<\/time><time class=\"updated\" datetime=\"2021-12-31T20:20:11+02:00\">31. Dezember 2021<\/time>\t\t\t<\/span>\n\t\t\t\t<\/div><!-- .entry-meta -->\n\t<\/header><!-- .entry-header -->\n\t<div class=\"entry-summary\">\n\t\t<p>Mitte September war ich per Pedes f\u00fcr eine 5 t\u00e4gige Wanderung auf dem Hermannsweg unterwegs. Der Wanderweg f\u00fchrt die l\u00e4ngste Zeit \u00fcber den R\u00fccken des Teutoburger Waldes. Er startet in Rheine und endet nach 157 km in Leopoldstal. Meine Hermannsweg &hellip; <a href=\"https:\/\/the-flying-dutchman.de\/index.php\/2022\/01\/02\/hermannsweg-etappe-4-grosse-egge-bielefeld\/\">Weiter<\/a><\/p>\n\t<\/div><!-- .entry-summary -->\n\t<footer class=\"entry-footer\">\n\t\t\t<div class=\"entry-actions\">\n\t\t\t<p class=\"more-link-wrap\">\n\t\t\t\t<a href=\"https:\/\/the-flying-dutchman.de\/index.php\/2022\/01\/02\/hermannsweg-etappe-4-grosse-egge-bielefeld\/\" class=\"post-more-link\">\n\t\t\t\t\tRead More<span class=\"screen-reader-text\"> Hermannsweg Etappe 4 &#8211; Gro\u00dfe Egge &#8211; Bielefeld<\/span><span class=\"kadence-svg-iconset svg-baseline\"><svg aria-hidden=\"true\" class=\"kadence-svg-icon kadence-arrow-right-alt-svg\" fill=\"currentColor\" version=\"1.1\" xmlns=\"http:\/\/www.w3.org\/2000\/svg\" width=\"27\" height=\"28\" viewBox=\"0 0 27 28\"><title>Continue<\/title><path d=\"M27 13.953c0 0.141-0.063 0.281-0.156 0.375l-6 5.531c-0.156 0.141-0.359 0.172-0.547 0.094-0.172-0.078-0.297-0.25-0.297-0.453v-3.5h-19.5c-0.281 0-0.5-0.219-0.5-0.5v-3c0-0.281 0.219-0.5 0.5-0.5h19.5v-3.5c0-0.203 0.109-0.375 0.297-0.453s0.391-0.047 0.547 0.078l6 5.469c0.094 0.094 0.156 0.219 0.156 0.359v0z\"><\/path>\n\t\t\t<\/svg><\/span>\t\t\t\t<\/a>\n\t\t\t<\/p>\n\t\t<\/div><!-- .entry-actions -->\n\t\t<\/footer><!-- .entry-footer -->\t<\/div>\n<\/article>\n<article class=\"entry content-bg loop-entry post-128 post type-post status-publish format-standard has-post-thumbnail hentry category-wanderungen tag-hermannshoehen tag-hermannsweg tag-outdoor tag-wandern tag-wanderung\">\n\t\t\t<a class=\"post-thumbnail kadence-thumbnail-ratio-2-3\" href=\"https:\/\/the-flying-dutchman.de\/index.php\/2021\/12\/28\/hermannsweg-etappe-3-spannbrink-grosse-egge\/\">\n\t\t\t<div class=\"post-thumbnail-inner\">\n\t\t\t\t<img width=\"768\" height=\"576\" src=\"https:\/\/the-flying-dutchman.de\/wp-content\/uploads\/2021\/12\/IMG_05291-768x576.jpeg\" class=\"attachment-medium_large size-medium_large wp-post-image\" alt=\"Wildzelten Fail am Hermannsweg Etappe 3\" loading=\"lazy\" srcset=\"https:\/\/the-flying-dutchman.de\/wp-content\/uploads\/2021\/12\/IMG_05291-768x576.jpeg 768w, https:\/\/the-flying-dutchman.de\/wp-content\/uploads\/2021\/12\/IMG_05291-300x225.jpeg 300w, https:\/\/the-flying-dutchman.de\/wp-content\/uploads\/2021\/12\/IMG_05291-1024x768.jpeg 1024w, https:\/\/the-flying-dutchman.de\/wp-content\/uploads\/2021\/12\/IMG_05291-1536x1152.jpeg 1536w, https:\/\/the-flying-dutchman.de\/wp-content\/uploads\/2021\/12\/IMG_05291-2048x1536.jpeg 2048w\" sizes=\"(max-width: 768px) 100vw, 768px\" \/>\t\t\t<\/div>\n\t\t<\/a><!-- .post-thumbnail -->\n\t\t\t<div class=\"entry-content-wrap\">\n\t\t<header class=\"entry-header\">\n\t\t<div class=\"entry-taxonomies\">\n\t\t<span class=\"category-links term-links category-style-normal\">\n\t\t\t<a href=\"https:\/\/the-flying-dutchman.de\/index.php\/category\/wanderungen\/\" rel=\"category tag\">Wanderungen<\/a>\t\t<\/span>\n\t<\/div><!-- .entry-taxonomies -->\n\t<h2 class=\"entry-title\"><a href=\"https:\/\/the-flying-dutchman.de\/index.php\/2021\/12\/28\/hermannsweg-etappe-3-spannbrink-grosse-egge\/\" rel=\"bookmark\">Hermannsweg Etappe 3 &#8211; Spannbrink &#8211; Gro\u00dfe Egge<\/a><\/h2>\t<div class=\"entry-meta entry-meta-divider-dot\">\n\t<span class=\"posted-by\"><span class=\"meta-label\">By<\/span><span class=\"author vcard\"><span class=\"fn n\">fl_dutch<\/span><\/span><\/span>\t\t\t<span class=\"posted-on\">\n\t\t\t\t<time class=\"entry-date published\" datetime=\"2021-12-28T17:25:30+02:00\">28. Dezember 2021<\/time><time class=\"updated\" datetime=\"2021-12-31T20:36:07+02:00\">31. Dezember 2021<\/time>\t\t\t<\/span>\n\t\t\t\t<\/div><!-- .entry-meta -->\n\t<\/header><!-- .entry-header -->\n\t<div class=\"entry-summary\">\n\t\t<p>Mitte September war ich per Pedes f\u00fcr eine 5 t\u00e4gige Wanderung auf dem Hermannsweg unterwegs. Der Wanderweg f\u00fchrt die l\u00e4ngste Zeit \u00fcber den R\u00fccken des Teutoburger Waldes. Er startet in Rheine und endet nach 157 km in Leopoldstal. Meine Hermannsweg &hellip; <a href=\"https:\/\/the-flying-dutchman.de\/index.php\/2021\/12\/28\/hermannsweg-etappe-3-spannbrink-grosse-egge\/\">Weiter<\/a><\/p>\n\t<\/div><!-- .entry-summary -->\n\t<footer class=\"entry-footer\">\n\t\t\t<div class=\"entry-actions\">\n\t\t\t<p class=\"more-link-wrap\">\n\t\t\t\t<a href=\"https:\/\/the-flying-dutchman.de\/index.php\/2021\/12\/28\/hermannsweg-etappe-3-spannbrink-grosse-egge\/\" class=\"post-more-link\">\n\t\t\t\t\tRead More<span class=\"screen-reader-text\"> Hermannsweg Etappe 3 &#8211; Spannbrink &#8211; Gro\u00dfe Egge<\/span><span class=\"kadence-svg-iconset svg-baseline\"><svg aria-hidden=\"true\" class=\"kadence-svg-icon kadence-arrow-right-alt-svg\" fill=\"currentColor\" version=\"1.1\" xmlns=\"http:\/\/www.w3.org\/2000\/svg\" width=\"27\" height=\"28\" viewBox=\"0 0 27 28\"><title>Continue<\/title><path d=\"M27 13.953c0 0.141-0.063 0.281-0.156 0.375l-6 5.531c-0.156 0.141-0.359 0.172-0.547 0.094-0.172-0.078-0.297-0.25-0.297-0.453v-3.5h-19.5c-0.281 0-0.5-0.219-0.5-0.5v-3c0-0.281 0.219-0.5 0.5-0.5h19.5v-3.5c0-0.203 0.109-0.375 0.297-0.453s0.391-0.047 0.547 0.078l6 5.469c0.094 0.094 0.156 0.219 0.156 0.359v0z\"><\/path>\n\t\t\t<\/svg><\/span>\t\t\t\t<\/a>\n\t\t\t<\/p>\n\t\t<\/div><!-- .entry-actions -->\n\t\t<\/footer><!-- .entry-footer -->\t<\/div>\n<\/article>\n<article class=\"entry content-bg loop-entry post-122 post type-post status-publish format-standard has-post-thumbnail hentry category-wanderungen tag-hermannshoehen tag-hermmansweg tag-outdoor tag-wandern tag-wanderung\">\n\t\t\t<a class=\"post-thumbnail kadence-thumbnail-ratio-2-3\" href=\"https:\/\/the-flying-dutchman.de\/index.php\/2021\/12\/20\/wanderung-hermannsweg-etappe-2-von-tecklenburg-zum-spannbrink\/\">\n\t\t\t<div class=\"post-thumbnail-inner\">\n\t\t\t\t<img width=\"768\" height=\"576\" src=\"https:\/\/the-flying-dutchman.de\/wp-content\/uploads\/2021\/12\/IMG_0440-768x576.jpeg\" class=\"attachment-medium_large size-medium_large wp-post-image\" alt=\"Ausblick von H\u00fctte am Hermannsweg\" loading=\"lazy\" srcset=\"https:\/\/the-flying-dutchman.de\/wp-content\/uploads\/2021\/12\/IMG_0440-768x576.jpeg 768w, https:\/\/the-flying-dutchman.de\/wp-content\/uploads\/2021\/12\/IMG_0440-300x225.jpeg 300w, https:\/\/the-flying-dutchman.de\/wp-content\/uploads\/2021\/12\/IMG_0440-1024x768.jpeg 1024w, https:\/\/the-flying-dutchman.de\/wp-content\/uploads\/2021\/12\/IMG_0440-1536x1152.jpeg 1536w, https:\/\/the-flying-dutchman.de\/wp-content\/uploads\/2021\/12\/IMG_0440-2048x1536.jpeg 2048w\" sizes=\"(max-width: 768px) 100vw, 768px\" \/>\t\t\t<\/div>\n\t\t<\/a><!-- .post-thumbnail -->\n\t\t\t<div class=\"entry-content-wrap\">\n\t\t<header class=\"entry-header\">\n\t\t<div class=\"entry-taxonomies\">\n\t\t<span class=\"category-links term-links category-style-normal\">\n\t\t\t<a href=\"https:\/\/the-flying-dutchman.de\/index.php\/category\/wanderungen\/\" rel=\"category tag\">Wanderungen<\/a>\t\t<\/span>\n\t<\/div><!-- .entry-taxonomies -->\n\t<h2 class=\"entry-title\"><a href=\"https:\/\/the-flying-dutchman.de\/index.php\/2021\/12\/20\/wanderung-hermannsweg-etappe-2-von-tecklenburg-zum-spannbrink\/\" rel=\"bookmark\">Video: Wanderung Hermannsweg Etappe 2: Tecklenburg &#8211; Spannbrink<\/a><\/h2>\t<div class=\"entry-meta entry-meta-divider-dot\">\n\t<span class=\"posted-by\"><span class=\"meta-label\">By<\/span><span class=\"author vcard\"><span class=\"fn n\">fl_dutch<\/span><\/span><\/span>\t\t\t<span class=\"posted-on\">\n\t\t\t\t<time class=\"entry-date published\" datetime=\"2021-12-20T16:28:28+02:00\">20. Dezember 2021<\/time><time class=\"updated\" datetime=\"2021-12-31T20:35:33+02:00\">31. Dezember 2021<\/time>\t\t\t<\/span>\n\t\t\t\t<\/div><!-- .entry-meta -->\n\t<\/header><!-- .entry-header -->\n\t<div class=\"entry-summary\">\n\t\t<p>Mitte September war ich per Pedes f\u00fcr eine 5 t\u00e4gige Wanderung auf dem Hermannsweg unterwegs. Der Wanderweg f\u00fchrt die l\u00e4ngste Zeit \u00fcber den R\u00fccken des Teutoburger Waldes. Er startet in Rheine und endet nach 157 km in Leopoldstal. Meine zweite &hellip; <a href=\"https:\/\/the-flying-dutchman.de\/index.php\/2021\/12\/20\/wanderung-hermannsweg-etappe-2-von-tecklenburg-zum-spannbrink\/\">Weiter<\/a><\/p>\n\t<\/div><!-- .entry-summary -->\n\t<footer class=\"entry-footer\">\n\t\t\t<div class=\"entry-actions\">\n\t\t\t<p class=\"more-link-wrap\">\n\t\t\t\t<a href=\"https:\/\/the-flying-dutchman.de\/index.php\/2021\/12\/20\/wanderung-hermannsweg-etappe-2-von-tecklenburg-zum-spannbrink\/\" class=\"post-more-link\">\n\t\t\t\t\tRead More<span class=\"screen-reader-text\"> Video: Wanderung Hermannsweg Etappe 2: Tecklenburg &#8211; Spannbrink<\/span><span class=\"kadence-svg-iconset svg-baseline\"><svg aria-hidden=\"true\" class=\"kadence-svg-icon kadence-arrow-right-alt-svg\" fill=\"currentColor\" version=\"1.1\" xmlns=\"http:\/\/www.w3.org\/2000\/svg\" width=\"27\" height=\"28\" viewBox=\"0 0 27 28\"><title>Continue<\/title><path d=\"M27 13.953c0 0.141-0.063 0.281-0.156 0.375l-6 5.531c-0.156 0.141-0.359 0.172-0.547 0.094-0.172-0.078-0.297-0.25-0.297-0.453v-3.5h-19.5c-0.281 0-0.5-0.219-0.5-0.5v-3c0-0.281 0.219-0.5 0.5-0.5h19.5v-3.5c0-0.203 0.109-0.375 0.297-0.453s0.391-0.047 0.547 0.078l6 5.469c0.094 0.094 0.156 0.219 0.156 0.359v0z\"><\/path>\n\t\t\t<\/svg><\/span>\t\t\t\t<\/a>\n\t\t\t<\/p>\n\t\t<\/div><!-- .entry-actions -->\n\t\t<\/footer><!-- .entry-footer -->\t<\/div>\n<\/article>\n<article class=\"entry content-bg loop-entry post-107 post type-post status-publish format-standard has-post-thumbnail hentry category-wanderungen tag-hermannshoehen tag-hermannsweg tag-outdoor tag-wandern tag-wanderung\">\n\t\t\t<a class=\"post-thumbnail kadence-thumbnail-ratio-2-3\" href=\"https:\/\/the-flying-dutchman.de\/index.php\/2021\/12\/12\/wanderung-hermannsweg-etappe-1-von-hoerstel-nach-tecklenburg\/\">\n\t\t\t<div class=\"post-thumbnail-inner\">\n\t\t\t\t<img width=\"768\" height=\"1024\" src=\"https:\/\/the-flying-dutchman.de\/wp-content\/uploads\/2021\/12\/IMG_0372-1-768x1024.jpg\" class=\"attachment-medium_large size-medium_large wp-post-image\" alt=\"Wegweiser Hermannsweg in H\u00f6rstel\" loading=\"lazy\" srcset=\"https:\/\/the-flying-dutchman.de\/wp-content\/uploads\/2021\/12\/IMG_0372-1-768x1024.jpg 768w, https:\/\/the-flying-dutchman.de\/wp-content\/uploads\/2021\/12\/IMG_0372-1-225x300.jpg 225w, https:\/\/the-flying-dutchman.de\/wp-content\/uploads\/2021\/12\/IMG_0372-1-1152x1536.jpg 1152w, https:\/\/the-flying-dutchman.de\/wp-content\/uploads\/2021\/12\/IMG_0372-1.jpg 1512w\" sizes=\"(max-width: 768px) 100vw, 768px\" \/>\t\t\t<\/div>\n\t\t<\/a><!-- .post-thumbnail -->\n\t\t\t<div class=\"entry-content-wrap\">\n\t\t<header class=\"entry-header\">\n\t\t<div class=\"entry-taxonomies\">\n\t\t<span class=\"category-links term-links category-style-normal\">\n\t\t\t<a href=\"https:\/\/the-flying-dutchman.de\/index.php\/category\/wanderungen\/\" rel=\"category tag\">Wanderungen<\/a>\t\t<\/span>\n\t<\/div><!-- .entry-taxonomies -->\n\t<h2 class=\"entry-title\"><a href=\"https:\/\/the-flying-dutchman.de\/index.php\/2021\/12\/12\/wanderung-hermannsweg-etappe-1-von-hoerstel-nach-tecklenburg\/\" rel=\"bookmark\">Wanderung Hermannsweg Etappe 1 &#8211; von H\u00f6rstel nach Tecklenburg<\/a><\/h2>\t<div class=\"entry-meta entry-meta-divider-dot\">\n\t<span class=\"posted-by\"><span class=\"meta-label\">By<\/span><span class=\"author vcard\"><span class=\"fn n\">fl_dutch<\/span><\/span><\/span>\t\t\t<span class=\"posted-on\">\n\t\t\t\t<time class=\"entry-date published\" datetime=\"2021-12-12T19:04:56+02:00\">12. Dezember 2021<\/time><time class=\"updated\" datetime=\"2021-12-31T20:35:52+02:00\">31. Dezember 2021<\/time>\t\t\t<\/span>\n\t\t\t\t<\/div><!-- .entry-meta -->\n\t<\/header><!-- .entry-header -->\n\t<div class=\"entry-summary\">\n\t\t<p>Mitte September war ich per Pedes f\u00fcr eine 5 t\u00e4gige Wanderung auf dem Hermannsweg unterwegs. Der Wanderweg f\u00fchrt die l\u00e4ngste Zeit \u00fcber den R\u00fccken des Teutoburger Waldes. Er startet in Rheine und endet nach 157 km in Leopoldstal. Meine erste &hellip; <a href=\"https:\/\/the-flying-dutchman.de\/index.php\/2021\/12\/12\/wanderung-hermannsweg-etappe-1-von-hoerstel-nach-tecklenburg\/\">Weiter<\/a><\/p>\n\t<\/div><!-- .entry-summary -->\n\t<footer class=\"entry-footer\">\n\t\t\t<div class=\"entry-actions\">\n\t\t\t<p class=\"more-link-wrap\">\n\t\t\t\t<a href=\"https:\/\/the-flying-dutchman.de\/index.php\/2021\/12\/12\/wanderung-hermannsweg-etappe-1-von-hoerstel-nach-tecklenburg\/\" class=\"post-more-link\">\n\t\t\t\t\tRead More<span class=\"screen-reader-text\"> Wanderung Hermannsweg Etappe 1 &#8211; von H\u00f6rstel nach Tecklenburg<\/span><span class=\"kadence-svg-iconset svg-baseline\"><svg aria-hidden=\"true\" class=\"kadence-svg-icon kadence-arrow-right-alt-svg\" fill=\"currentColor\" version=\"1.1\" xmlns=\"http:\/\/www.w3.org\/2000\/svg\" width=\"27\" height=\"28\" viewBox=\"0 0 27 28\"><title>Continue<\/title><path d=\"M27 13.953c0 0.141-0.063 0.281-0.156 0.375l-6 5.531c-0.156 0.141-0.359 0.172-0.547 0.094-0.172-0.078-0.297-0.25-0.297-0.453v-3.5h-19.5c-0.281 0-0.5-0.219-0.5-0.5v-3c0-0.281 0.219-0.5 0.5-0.5h19.5v-3.5c0-0.203 0.109-0.375 0.297-0.453s0.391-0.047 0.547 0.078l6 5.469c0.094 0.094 0.156 0.219 0.156 0.359v0z\"><\/path>\n\t\t\t<\/svg><\/span>\t\t\t\t<\/a>\n\t\t\t<\/p>\n\t\t<\/div><!-- .entry-actions -->\n\t\t<\/footer><!-- .entry-footer -->\t<\/div>\n<\/article>\n<\/div>","protected":false},"excerpt":{"rendered":"<p>Hier erhaltet ihr Informationen \u00fcber meine Reisen.<\/p>\n","protected":false},"author":1,"featured_media":0,"parent":0,"menu_order":0,"comment_status":"closed","ping_status":"closed","template":"","meta":{"kt_blocks_editor_width":""},"yoast_head":"<!-- This site is optimized with the Yoast SEO plugin v19.13 - https:\/\/yoast.com\/wordpress\/plugins\/seo\/ -->\n<title>Reisen - the flying dutchman<\/title>\n<meta name=\"robots\" content=\"index, follow, max-snippet:-1, max-image-preview:large, max-video-preview:-1\" \/>\n<link rel=\"canonical\" href=\"https:\/\/the-flying-dutchman.de\/index.php\/reisen\/\" \/>\n<meta property=\"og:locale\" content=\"de_DE\" \/>\n<meta property=\"og:type\" content=\"article\" \/>\n<meta property=\"og:title\" content=\"Reisen - the flying dutchman\" \/>\n<meta property=\"og:description\" content=\"Hier erhaltet ihr Informationen \u00fcber meine Reisen.\" \/>\n<meta property=\"og:url\" content=\"https:\/\/the-flying-dutchman.de\/index.php\/reisen\/\" \/>\n<meta property=\"og:site_name\" content=\"the flying dutchman\" \/>\n<meta property=\"article:publisher\" content=\"https:\/\/www.facebook.com\/The-flying-dutchman-110173880355350\" \/>\n<meta property=\"article:modified_time\" content=\"2021-12-12T17:16:34+00:00\" \/>\n<meta name=\"twitter:card\" content=\"summary_large_image\" \/>\n<meta name=\"twitter:label1\" content=\"Gesch\u00e4tzte Lesezeit\" \/>\n\t<meta name=\"twitter:data1\" content=\"1\u00a0Minute\" \/>\n<script type=\"application\/ld+json\" class=\"yoast-schema-graph\">{\"@context\":\"https:\/\/schema.org\",\"@graph\":[{\"@type\":\"WebPage\",\"@id\":\"https:\/\/the-flying-dutchman.de\/index.php\/reisen\/\",\"url\":\"https:\/\/the-flying-dutchman.de\/index.php\/reisen\/\",\"name\":\"Reisen - the flying dutchman\",\"isPartOf\":{\"@id\":\"https:\/\/the-flying-dutchman.de\/#website\"},\"datePublished\":\"2021-05-24T20:12:24+00:00\",\"dateModified\":\"2021-12-12T17:16:34+00:00\",\"breadcrumb\":{\"@id\":\"https:\/\/the-flying-dutchman.de\/index.php\/reisen\/#breadcrumb\"},\"inLanguage\":\"de\",\"potentialAction\":[{\"@type\":\"ReadAction\",\"target\":[\"https:\/\/the-flying-dutchman.de\/index.php\/reisen\/\"]}]},{\"@type\":\"BreadcrumbList\",\"@id\":\"https:\/\/the-flying-dutchman.de\/index.php\/reisen\/#breadcrumb\",\"itemListElement\":[{\"@type\":\"ListItem\",\"position\":1,\"name\":\"Home\",\"item\":\"https:\/\/the-flying-dutchman.de\/\"},{\"@type\":\"ListItem\",\"position\":2,\"name\":\"Reisen\"}]},{\"@type\":\"WebSite\",\"@id\":\"https:\/\/the-flying-dutchman.de\/#website\",\"url\":\"https:\/\/the-flying-dutchman.de\/\",\"name\":\"the flying dutchman\",\"description\":\"Vanlife, Outdoor, Wandern und Radtouren\",\"potentialAction\":[{\"@type\":\"SearchAction\",\"target\":{\"@type\":\"EntryPoint\",\"urlTemplate\":\"https:\/\/the-flying-dutchman.de\/?s={search_term_string}\"},\"query-input\":\"required name=search_term_string\"}],\"inLanguage\":\"de\"}]}<\/script>\n<!-- \/ Yoast SEO plugin. -->","yoast_head_json":{"title":"Reisen - the flying dutchman","robots":{"index":"index","follow":"follow","max-snippet":"max-snippet:-1","max-image-preview":"max-image-preview:large","max-video-preview":"max-video-preview:-1"},"canonical":"https:\/\/the-flying-dutchman.de\/index.php\/reisen\/","og_locale":"de_DE","og_type":"article","og_title":"Reisen - the flying dutchman","og_description":"Hier erhaltet ihr Informationen \u00fcber meine Reisen.","og_url":"https:\/\/the-flying-dutchman.de\/index.php\/reisen\/","og_site_name":"the flying dutchman","article_publisher":"https:\/\/www.facebook.com\/The-flying-dutchman-110173880355350","article_modified_time":"2021-12-12T17:16:34+00:00","twitter_card":"summary_large_image","twitter_misc":{"Gesch\u00e4tzte Lesezeit":"1\u00a0Minute"},"schema":{"@context":"https:\/\/schema.org","@graph":[{"@type":"WebPage","@id":"https:\/\/the-flying-dutchman.de\/index.php\/reisen\/","url":"https:\/\/the-flying-dutchman.de\/index.php\/reisen\/","name":"Reisen - the flying dutchman","isPartOf":{"@id":"https:\/\/the-flying-dutchman.de\/#website"},"datePublished":"2021-05-24T20:12:24+00:00","dateModified":"2021-12-12T17:16:34+00:00","breadcrumb":{"@id":"https:\/\/the-flying-dutchman.de\/index.php\/reisen\/#breadcrumb"},"inLanguage":"de","potentialAction":[{"@type":"ReadAction","target":["https:\/\/the-flying-dutchman.de\/index.php\/reisen\/"]}]},{"@type":"BreadcrumbList","@id":"https:\/\/the-flying-dutchman.de\/index.php\/reisen\/#breadcrumb","itemListElement":[{"@type":"ListItem","position":1,"name":"Home","item":"https:\/\/the-flying-dutchman.de\/"},{"@type":"ListItem","position":2,"name":"Reisen"}]},{"@type":"WebSite","@id":"https:\/\/the-flying-dutchman.de\/#website","url":"https:\/\/the-flying-dutchman.de\/","name":"the flying dutchman","description":"Vanlife, Outdoor, Wandern und Radtouren","potentialAction":[{"@type":"SearchAction","target":{"@type":"EntryPoint","urlTemplate":"https:\/\/the-flying-dutchman.de\/?s={search_term_string}"},"query-input":"required name=search_term_string"}],"inLanguage":"de"}]}},"_links":{"self":[{"href":"https:\/\/the-flying-dutchman.de\/index.php\/wp-json\/wp\/v2\/pages\/65"}],"collection":[{"href":"https:\/\/the-flying-dutchman.de\/index.php\/wp-json\/wp\/v2\/pages"}],"about":[{"href":"https:\/\/the-flying-dutchman.de\/index.php\/wp-json\/wp\/v2\/types\/page"}],"author":[{"embeddable":true,"href":"https:\/\/the-flying-dutchman.de\/index.php\/wp-json\/wp\/v2\/users\/1"}],"replies":[{"embeddable":true,"href":"https:\/\/the-flying-dutchman.de\/index.php\/wp-json\/wp\/v2\/comments?post=65"}],"version-history":[{"count":3,"href":"https:\/\/the-flying-dutchman.de\/index.php\/wp-json\/wp\/v2\/pages\/65\/revisions"}],"predecessor-version":[{"id":117,"href":"https:\/\/the-flying-dutchman.de\/index.php\/wp-json\/wp\/v2\/pages\/65\/revisions\/117"}],"wp:attachment":[{"href":"https:\/\/the-flying-dutchman.de\/index.php\/wp-json\/wp\/v2\/media?parent=65"}],"curies":[{"name":"wp","href":"https:\/\/api.w.org\/{rel}","templated":true}]}}